{"id":7,"date":"2014-12-15T19:18:26","date_gmt":"2014-12-15T19:18:26","guid":{"rendered":"http:\/\/vettensjournal.de\/klassischer-journalismus\/?page_id=7"},"modified":"2025-03-12T15:15:33","modified_gmt":"2025-03-12T15:15:33","slug":"der-journalist","status":"publish","type":"page","link":"https:\/\/vettensjournal.de\/klassischer-journalismus\/der-journalist\/","title":{"rendered":"DER JOURNALIST"},"content":{"rendered":"<figure id=\"attachment_57\" aria-describedby=\"caption-attachment-57\" style=\"width: 600px\" class=\"wp-caption alignright\"><img loading=\"lazy\" decoding=\"async\" class=\"wp-image-57 size-full\" src=\"http:\/\/vettensjournal.de\/klassischer-journalismus\/wp-content\/uploads\/2014\/12\/Detlef_Vetten1.jpg\" alt=\"Detlef_Vetten\" width=\"600\" height=\"394\" srcset=\"https:\/\/vettensjournal.de\/klassischer-journalismus\/wp-content\/uploads\/2014\/12\/Detlef_Vetten1.jpg 600w, https:\/\/vettensjournal.de\/klassischer-journalismus\/wp-content\/uploads\/2014\/12\/Detlef_Vetten1-300x197.jpg 300w\" sizes=\"auto, (max-width: 600px) 100vw, 600px\" \/><figcaption id=\"caption-attachment-57\" class=\"wp-caption-text\">Detlef Vetten by Barbara Ellen.<\/figcaption><\/figure>\n<h2>Mit Sport in die Erste Liga.<\/h2>\n<p>Mit dem Journalismus ist das so eine Sache:<\/p>\n<p>Davon kann Vetten schon lange nicht mehr leben.<\/p>\n<p>Aber richtig guter Journalismus macht die Zeiten durchaus ein bisschen lebenswert.<\/p>\n<p>Detlef Vetten (Jahrgang 1956) lernte das Handwerk im Sportjournalismus und im Lokalen. Er arbeitete als Redakteur bei der \u201eSchw\u00e4bischen Zeitung\u201c, der M\u00fcnchner \u201eAbendzeitung\u201c und dem \u201eStern\u201c. Es folgten leitende Funktionen beim \u201eStern\u201c (Sportchef), als Chefredakteur von \u201eHorizont Sport Business\u201c, Lokalchef bei der Abendzeitung und Chefreporter der Nachrichtenagentur dapd. 2015 leitete er das Opernmagazin \u201cOrpheus\u201d.<br \/>\nZu Vettens Kunden z\u00e4hlen unter anderem:<\/p>\n<p>SZ, FAZ, taz, Welt, Tagesspiegel, Kurier\u2026<br \/>\nDie Zeit, SZ-Magazin, Welt am Sonntag, Bild am Sonntag\u2026<br \/>\nStern, Focus, paradiso, Bunte, Playboy, Eltern, Geo, PM\u2026<br \/>\nMercedes-Magazin, Skipper, BMW-Magazin, Lufthansa-Bordbuch, Bahn mobil, Paradiso\u2026<\/p>\n<p>Theater heute, Psychologie heute, philomag\u2026<br \/>\nDeutschlandfunk, Bayern 2, WDR 2, epochtimes, e110\u2026<br \/>\nDer Autor ist einer der meistpr\u00e4mierten deutschen Sportjournalisten. Unter anderem gewann er mehrfach in den Kategorien Gro\u00dfer Preis, Feuilleton und Fu\u00dfball beim Artikelwettbewerb des Verbandes Deutscher Sportjournalisten (VdS).<\/p>\n<p>2013 wurde er f\u00fcr eine Olympiareportage vom VDS und DOSB (Deutscher Olympischer Sportbund) ausgezeichnet.<\/p>\n<p>Vettens Journalismus heute:<\/p>\n<p>Sich verlierende Visionen. Ver\u00e4ngstigte Redakteure. Besch\u00e4mende Honorare.<\/p>\n<p>Ziellosigkeit. Resignation. Mittelma\u00df.<\/p>\n<p>Aber immer wieder Zeilen, die sich lohnen.<\/p>\n<p>&nbsp;<\/p>\n","protected":false},"excerpt":{"rendered":"<p>Mit Sport in die Erste Liga. Mit dem Journalismus ist das so eine Sache: Davon kann Vetten schon lange nicht mehr leben. Aber richtig guter Journalismus macht die Zeiten durchaus ein bisschen lebenswert. Detlef Vetten (Jahrgang 1956) lernte das Handwerk im Sportjournalismus und im Lokalen. Er arbeitete als Redakteur bei der \u201eSchw\u00e4bischen Zeitung\u201c, der M\u00fcnchner [&hellip;]<\/p>\n","protected":false},"author":1,"featured_media":0,"parent":0,"menu_order":0,"comment_status":"closed","ping_status":"closed","template":"","meta":{"footnotes":""},"class_list":["post-7","page","type-page","status-publish","hentry","has-post-title","has-post-date","has-post-category","has-post-tag","has-post-comment","has-post-author",""],"_links":{"self":[{"href":"https:\/\/vettensjournal.de\/klassischer-journalismus\/wp-json\/wp\/v2\/pages\/7","targetHints":{"allow":["GET"]}}],"collection":[{"href":"https:\/\/vettensjournal.de\/klassischer-journalismus\/wp-json\/wp\/v2\/pages"}],"about":[{"href":"https:\/\/vettensjournal.de\/klassischer-journalismus\/wp-json\/wp\/v2\/types\/page"}],"author":[{"embeddable":true,"href":"https:\/\/vettensjournal.de\/klassischer-journalismus\/wp-json\/wp\/v2\/users\/1"}],"replies":[{"embeddable":true,"href":"https:\/\/vettensjournal.de\/klassischer-journalismus\/wp-json\/wp\/v2\/comments?post=7"}],"version-history":[{"count":2,"href":"https:\/\/vettensjournal.de\/klassischer-journalismus\/wp-json\/wp\/v2\/pages\/7\/revisions"}],"predecessor-version":[{"id":5180,"href":"https:\/\/vettensjournal.de\/klassischer-journalismus\/wp-json\/wp\/v2\/pages\/7\/revisions\/5180"}],"wp:attachment":[{"href":"https:\/\/vettensjournal.de\/klassischer-journalismus\/wp-json\/wp\/v2\/media?parent=7"}],"curies":[{"name":"wp","href":"https:\/\/api.w.org\/{rel}","templated":true}]}}