{"id":11,"date":"2014-12-15T19:19:29","date_gmt":"2014-12-15T19:19:29","guid":{"rendered":"http:\/\/vettensjournal.de\/klassischer-journalismus\/?page_id=11"},"modified":"2015-01-01T14:19:41","modified_gmt":"2015-01-01T14:19:41","slug":"der-marketing-mann","status":"publish","type":"page","link":"https:\/\/vettensjournal.de\/klassischer-journalismus\/der-marketing-mann\/","title":{"rendered":"DER MARKETING-MANN"},"content":{"rendered":"<figure id=\"attachment_96\" aria-describedby=\"caption-attachment-96\" style=\"width: 450px\" class=\"wp-caption alignleft\"><img loading=\"lazy\" decoding=\"async\" class=\"wp-image-96 size-full\" src=\"http:\/\/vettensjournal.de\/klassischer-journalismus\/wp-content\/uploads\/2014\/12\/Detlef_Vetten_3.jpg\" alt=\"Detlef_Vetten_3\" width=\"450\" height=\"680\" srcset=\"https:\/\/vettensjournal.de\/klassischer-journalismus\/wp-content\/uploads\/2014\/12\/Detlef_Vetten_3.jpg 450w, https:\/\/vettensjournal.de\/klassischer-journalismus\/wp-content\/uploads\/2014\/12\/Detlef_Vetten_3-198x300.jpg 198w\" sizes=\"auto, (max-width: 450px) 100vw, 450px\" \/><figcaption id=\"caption-attachment-96\" class=\"wp-caption-text\">Detlef Vetten mit Sputnik<\/figcaption><\/figure>\n<h3>Crossover erw\u00fcnscht &#8211; Ausfl\u00fcge in die Wirtschaft.<\/h3>\n<p>Zu Vettens Kunden z\u00e4hlen unter anderem:<br \/>\nADAC<br \/>\nAdidas, Standardwerk \u00fcber das Unternehmen\/daraus resultierend Kampagne in den USA<br \/>\nBergamont Bikes<br \/>\nBMW, Magazin zur Einweihung der Berliner Dependance im Fr\u00fchjahr 2014<br \/>\nBurda Verlagsgruppe<br \/>\nFC Bayern M\u00fcnchen, unter anderem Geburtstagsschrift f\u00fcr Dettmar Cramer<br \/>\nHotel Schwarz\/Mieming, Buch \u00fcbers Haus<br \/>\nKlambt Gruppe, Konzepte f\u00fcr den Yellow-Bereich<br \/>\nLufthansa<br \/>\nMazda<br \/>\nMercedes, Kultband \u00fcber den Unimog<br \/>\nSalewa<br \/>\nSECUTRANS, Marktanalysen\/Beratung\/Recherchen<br \/>\nTirol-Werbung, Prospektproduktion f\u00fcr Gemeinden und Hotels<br \/>\nTvn, Hannover, Image-Film Sansboarding-WM<\/p>\n","protected":false},"excerpt":{"rendered":"<p>Crossover erw\u00fcnscht &#8211; Ausfl\u00fcge in die Wirtschaft. Zu Vettens Kunden z\u00e4hlen unter anderem: ADAC Adidas, Standardwerk \u00fcber das Unternehmen\/daraus resultierend Kampagne in den USA Bergamont Bikes BMW, Magazin zur Einweihung der Berliner Dependance im Fr\u00fchjahr 2014 Burda Verlagsgruppe FC Bayern M\u00fcnchen, unter anderem Geburtstagsschrift f\u00fcr Dettmar Cramer Hotel Schwarz\/Mieming, Buch \u00fcbers Haus Klambt Gruppe, Konzepte [&hellip;]<\/p>\n","protected":false},"author":1,"featured_media":0,"parent":0,"menu_order":0,"comment_status":"closed","ping_status":"closed","template":"","meta":{"footnotes":""},"class_list":["post-11","page","type-page","status-publish","hentry","has-post-title","has-post-date","has-post-category","has-post-tag","has-post-comment","has-post-author",""],"_links":{"self":[{"href":"https:\/\/vettensjournal.de\/klassischer-journalismus\/wp-json\/wp\/v2\/pages\/11","targetHints":{"allow":["GET"]}}],"collection":[{"href":"https:\/\/vettensjournal.de\/klassischer-journalismus\/wp-json\/wp\/v2\/pages"}],"about":[{"href":"https:\/\/vettensjournal.de\/klassischer-journalismus\/wp-json\/wp\/v2\/types\/page"}],"author":[{"embeddable":true,"href":"https:\/\/vettensjournal.de\/klassischer-journalismus\/wp-json\/wp\/v2\/users\/1"}],"replies":[{"embeddable":true,"href":"https:\/\/vettensjournal.de\/klassischer-journalismus\/wp-json\/wp\/v2\/comments?post=11"}],"version-history":[{"count":1,"href":"https:\/\/vettensjournal.de\/klassischer-journalismus\/wp-json\/wp\/v2\/pages\/11\/revisions"}],"predecessor-version":[{"id":171,"href":"https:\/\/vettensjournal.de\/klassischer-journalismus\/wp-json\/wp\/v2\/pages\/11\/revisions\/171"}],"wp:attachment":[{"href":"https:\/\/vettensjournal.de\/klassischer-journalismus\/wp-json\/wp\/v2\/media?parent=11"}],"curies":[{"name":"wp","href":"https:\/\/api.w.org\/{rel}","templated":true}]}}